{"id":5377,"date":"2025-12-01T15:53:55","date_gmt":"2025-12-01T15:53:55","guid":{"rendered":"https:\/\/globaltownedu.com\/?page_id=5377"},"modified":"2025-12-01T20:32:44","modified_gmt":"2025-12-01T20:32:44","slug":"aviso-de-privacidad","status":"publish","type":"page","link":"https:\/\/globaltownedu.com\/pt\/aviso-de-privacidad\/","title":{"rendered":"AVISO DE PRIVACIDAD"},"content":{"rendered":"<div data-elementor-type=\"wp-page\" data-elementor-id=\"5377\" class=\"elementor elementor-5377\" data-elementor-post-type=\"page\">\n\t\t\t\t<div class=\"elementor-element elementor-element-a450c4a e-flex e-con-boxed e-con e-parent\" data-id=\"a450c4a\" data-element_type=\"container\">\n\t\t\t\t\t<div class=\"e-con-inner\">\n\t\t\t\t<div class=\"elementor-element elementor-element-1d69488 elementor-widget elementor-widget-heading\" data-id=\"1d69488\" data-element_type=\"widget\" data-widget_type=\"heading.default\">\n\t\t\t\t\t<h1 class=\"elementor-heading-title elementor-size-default\">Aviso de Privacidade\n<\/h1>\t\t\t\t<\/div>\n\t\t\t\t<div class=\"elementor-element elementor-element-46c2c1a elementor-widget elementor-widget-text-editor\" data-id=\"46c2c1a\" data-element_type=\"widget\" data-widget_type=\"text-editor.default\">\n\t\t\t\t\t\t\t\t\t<p class=\"\">A Global Town Consultancy, mais conhecida como Global Town, com endere\u00e7o em 4205 Union St., Burnaby, British Columbia V5C 2X3 e website https:\/\/globaltownedu.com\/, \u00e9 respons\u00e1vel pelo uso e prote\u00e7\u00e3o dos seus dados pessoais e, a este respeito, informamos o seguinte:<\/p>\t\t\t\t\t\t\t\t<\/div>\n\t\t\t\t<div class=\"elementor-element elementor-element-25c8a2d elementor-widget elementor-widget-heading\" data-id=\"25c8a2d\" data-element_type=\"widget\" data-widget_type=\"heading.default\">\n\t\t\t\t\t<h2 class=\"elementor-heading-title elementor-size-default\">Para que fins utilizaremos os seus dados pessoais?\n<\/h2>\t\t\t\t<\/div>\n\t\t\t\t<div class=\"elementor-element elementor-element-bf176e9 elementor-widget elementor-widget-text-editor\" data-id=\"bf176e9\" data-element_type=\"widget\" data-widget_type=\"text-editor.default\">\n\t\t\t\t\t\t\t\t\t<p class=\"\">Os dados pessoais que coletamos ser\u00e3o utilizados para os seguintes fins, necess\u00e1rios para a presta\u00e7\u00e3o do servi\u00e7o solicitado: responder a mensagens enviadas pelo formul\u00e1rio de contato; coletar dados para oferecer assist\u00eancia e aconselhamento a estudantes latinos interessados em buscar novas oportunidades de ensino superior fora de seu pa\u00eds de resid\u00eancia.<\/p>\t\t\t\t\t\t\t\t<\/div>\n\t\t\t\t<div class=\"elementor-element elementor-element-e398458 elementor-widget elementor-widget-heading\" data-id=\"e398458\" data-element_type=\"widget\" data-widget_type=\"heading.default\">\n\t\t\t\t\t<h2 class=\"elementor-heading-title elementor-size-default\">Que dados pessoais utilizaremos para estes fins?\n<\/h2>\t\t\t\t<\/div>\n\t\t\t\t<div class=\"elementor-element elementor-element-a6a4f2c elementor-widget elementor-widget-text-editor\" data-id=\"a6a4f2c\" data-element_type=\"widget\" data-widget_type=\"text-editor.default\">\n\t\t\t\t\t\t\t\t\t<p class=\"\">Para atingir as finalidades descritas neste aviso de privacidade, utilizaremos os seguintes dados pessoais: Dados de identifica\u00e7\u00e3o e contato, Dados acad\u00eamicos, Dados patrimoniais e\/ou financeiros.<\/p>\t\t\t\t\t\t\t\t<\/div>\n\t\t\t\t<div class=\"elementor-element elementor-element-5c3b436 elementor-widget elementor-widget-heading\" data-id=\"5c3b436\" data-element_type=\"widget\" data-widget_type=\"heading.default\">\n\t\t\t\t\t<h2 class=\"elementor-heading-title elementor-size-default\">Como voc\u00ea pode acessar, retificar ou cancelar seus dados pessoais, ou se opor ao seu uso ou exercer o direito de revogar o consentimento?\n<\/h2>\t\t\t\t<\/div>\n\t\t\t\t<div class=\"elementor-element elementor-element-60adfc3 elementor-widget elementor-widget-text-editor\" data-id=\"60adfc3\" data-element_type=\"widget\" data-widget_type=\"text-editor.default\">\n\t\t\t\t\t\t\t\t\t<p class=\"\">Voc\u00ea tem o direito de saber quais dados pessoais mantemos sobre voc\u00ea, para que os utilizamos e as condi\u00e7\u00f5es de seu uso (Acesso). Voc\u00ea tamb\u00e9m tem o direito de solicitar a corre\u00e7\u00e3o de suas informa\u00e7\u00f5es pessoais caso estejam desatualizadas, incorretas ou incompletas (Retifica\u00e7\u00e3o); de solicitar a exclus\u00e3o delas de nossos registros ou bancos de dados quando acreditar que n\u00e3o est\u00e3o sendo utilizadas adequadamente (Cancelamento); e de se opor ao uso de seus dados pessoais para fins espec\u00edficos (Oposi\u00e7\u00e3o). Esses direitos s\u00e3o conhecidos como direitos ARCO.<\/p>\t\t\t\t\t\t\t\t<\/div>\n\t\t\t\t<div class=\"elementor-element elementor-element-3ad76bc elementor-widget elementor-widget-text-editor\" data-id=\"3ad76bc\" data-element_type=\"widget\" data-widget_type=\"text-editor.default\">\n\t\t\t\t\t\t\t\t\t<p class=\"\">Para exercer qualquer um dos seus direitos ARCO, voc\u00ea deve enviar uma solicita\u00e7\u00e3o por e-mail para\u00a0<strong>info@globaltown.com<\/strong>\u00a0e deve conter:<\/p><ul class=\"wp-block-list\"><li class=\"\">Nome completo do titular.<\/li><li class=\"\">Lar.<\/li><li class=\"\">Telefone.<\/li><li class=\"\">Endere\u00e7o de e-mail usado neste site.<\/li><li class=\"\">C\u00f3pia de um documento de identifica\u00e7\u00e3o oficial em anexo.<\/li><li class=\"\">Assunto: &quot;Direitos ARCO&quot;\u00ab<\/li><\/ul>\t\t\t\t\t\t\t\t<\/div>\n\t\t\t\t<div class=\"elementor-element elementor-element-42de7d3 elementor-widget elementor-widget-text-editor\" data-id=\"42de7d3\" data-element_type=\"widget\" data-widget_type=\"text-editor.default\">\n\t\t\t\t\t\t\t\t\t<ul class=\"wp-block-list\"><li class=\"\">Em quantos dias responderemos \u00e0 sua solicita\u00e7\u00e3o? 5 dias<\/li><\/ul><ul class=\"wp-block-list\"><li class=\"\">Como comunicaremos a resposta \u00e0 sua solicita\u00e7\u00e3o? Para o mesmo endere\u00e7o de e-mail do qual a solicita\u00e7\u00e3o foi enviada.<\/li><\/ul><p class=\"\">Utiliza\u00e7\u00e3o de tecnologias de rastreamento em nosso site. Informamos que utilizamos cookies, web beacons e outras tecnologias em nosso site para monitorar seu comportamento online e proporcionar uma melhor experi\u00eancia de navega\u00e7\u00e3o. Os dados pessoais que obtemos por meio dessas tecnologias de rastreamento incluem: a regi\u00e3o do usu\u00e1rio.<\/p><p class=\"\">Esses cookies, web beacons e outras tecnologias podem ser desativados. Para saber como, consulte o menu de ajuda do seu navegador. Observe que a desativa\u00e7\u00e3o de cookies pode impedir o acesso a certos recursos personalizados em nosso site.<\/p>\t\t\t\t\t\t\t\t<\/div>\n\t\t\t\t<div class=\"elementor-element elementor-element-10343af elementor-widget elementor-widget-heading\" data-id=\"10343af\" data-element_type=\"widget\" data-widget_type=\"heading.default\">\n\t\t\t\t\t<h2 class=\"elementor-heading-title elementor-size-default\">Como posso ficar sabendo das altera\u00e7\u00f5es feitas nesta pol\u00edtica de privacidade?\n<\/h2>\t\t\t\t<\/div>\n\t\t\t\t<div class=\"elementor-element elementor-element-9d85ad8 elementor-widget elementor-widget-text-editor\" data-id=\"9d85ad8\" data-element_type=\"widget\" data-widget_type=\"text-editor.default\">\n\t\t\t\t\t\t\t\t\t<p>Este aviso de privacidade pode ser modificado, alterado ou atualizado devido a novas exig\u00eancias legais; \u00e0s nossas pr\u00f3prias necessidades relacionadas aos produtos ou servi\u00e7os que oferecemos; \u00e0s nossas pr\u00e1ticas de privacidade; a mudan\u00e7as em nosso modelo de neg\u00f3cios; ou a outros motivos. Estamos comprometidos em manter este aviso de privacidade atualizado com quaisquer altera\u00e7\u00f5es, e voc\u00ea sempre poder\u00e1 consultar as atualiza\u00e7\u00f5es no site https:\/\/globaltownedu.com\/.<br \/>\u00daltima atualiza\u00e7\u00e3o: 15\/10\/2024<\/p>\t\t\t\t\t\t\t\t<\/div>\n\t\t\t\t\t<\/div>\n\t\t\t\t<\/div>\n\t\t\t\t<\/div>","protected":false},"excerpt":{"rendered":"<p>Aviso de Privacidad Global Town Consultancy mejor conocido como Global Town, con domicilio en 4205 Union St. Burnaby, British Columbia V5C 2X3 y portal de internet https:\/\/globaltownedu.com\/, es el responsable del uso y protecci\u00f3n de sus datos personales, y al respecto le informamos lo siguiente: \u00bfPara qu\u00e9 fines utilizaremos sus datos personales? Los datos personales [&hellip;]<\/p>","protected":false},"author":1,"featured_media":0,"parent":0,"menu_order":0,"comment_status":"closed","ping_status":"closed","template":"","meta":{"site-sidebar-layout":"no-sidebar","site-content-layout":"page-builder","ast-site-content-layout":"full-width-container","site-content-style":"default","site-sidebar-style":"default","ast-global-header-display":"","ast-banner-title-visibility":"","ast-main-header-display":"","ast-hfb-above-header-display":"","ast-hfb-below-header-display":"","ast-hfb-mobile-header-display":"","site-post-title":"disabled","ast-breadcrumbs-content":"","ast-featured-img":"disabled","footer-sml-layout":"","ast-disable-related-posts":"","theme-transparent-header-meta":"","adv-header-id-meta":"","stick-header-meta":"","header-above-stick-meta":"","header-main-stick-meta":"","header-below-stick-meta":"","astra-migrate-meta-layouts":"set","ast-page-background-enabled":"default","ast-page-background-meta":{"desktop":{"background-color":"var(--ast-global-color-4)","background-image":"","background-repeat":"repeat","background-position":"center center","background-size":"auto","background-attachment":"scroll","background-type":"","background-media":"","overlay-type":"","overlay-color":"","overlay-opacity":"","overlay-gradient":""},"tablet":{"background-color":"","background-image":"","background-repeat":"repeat","background-position":"center center","background-size":"auto","background-attachment":"scroll","background-type":"","background-media":"","overlay-type":"","overlay-color":"","overlay-opacity":"","overlay-gradient":""},"mobile":{"background-color":"","background-image":"","background-repeat":"repeat","background-position":"center center","background-size":"auto","background-attachment":"scroll","background-type":"","background-media":"","overlay-type":"","overlay-color":"","overlay-opacity":"","overlay-gradient":""}},"ast-content-background-meta":{"desktop":{"background-color":"var(--ast-global-color-5)","background-image":"","background-repeat":"repeat","background-position":"center center","background-size":"auto","background-attachment":"scroll","background-type":"","background-media":"","overlay-type":"","overlay-color":"","overlay-opacity":"","overlay-gradient":""},"tablet":{"background-color":"var(--ast-global-color-5)","background-image":"","background-repeat":"repeat","background-position":"center center","background-size":"auto","background-attachment":"scroll","background-type":"","background-media":"","overlay-type":"","overlay-color":"","overlay-opacity":"","overlay-gradient":""},"mobile":{"background-color":"var(--ast-global-color-5)","background-image":"","background-repeat":"repeat","background-position":"center center","background-size":"auto","background-attachment":"scroll","background-type":"","background-media":"","overlay-type":"","overlay-color":"","overlay-opacity":"","overlay-gradient":""}},"footnotes":""},"class_list":["post-5377","page","type-page","status-publish","hentry"],"yoast_head":"<!-- This site is optimized with the Yoast SEO plugin v26.4 - https:\/\/yoast.com\/wordpress\/plugins\/seo\/ -->\n<title>AVISO DE PRIVACIDAD | Global Town<\/title>\n<meta name=\"robots\" content=\"index, follow, max-snippet:-1, max-image-preview:large, max-video-preview:-1\" \/>\n<link rel=\"canonical\" href=\"https:\/\/globaltownedu.com\/pt\/aviso-de-privacidad\/\" \/>\n<meta property=\"og:locale\" content=\"pt_BR\" \/>\n<meta property=\"og:type\" content=\"article\" \/>\n<meta property=\"og:title\" content=\"AVISO DE PRIVACIDAD | Global Town\" \/>\n<meta property=\"og:description\" content=\"Aviso de Privacidad Global Town Consultancy mejor conocido como Global Town, con domicilio en 4205 Union St. Burnaby, British Columbia V5C 2X3 y portal de internet https:\/\/globaltownedu.com\/, es el responsable del uso y protecci\u00f3n de sus datos personales, y al respecto le informamos lo siguiente: \u00bfPara qu\u00e9 fines utilizaremos sus datos personales? Los datos personales [&hellip;]\" \/>\n<meta property=\"og:url\" content=\"https:\/\/globaltownedu.com\/pt\/aviso-de-privacidad\/\" \/>\n<meta property=\"og:site_name\" content=\"Global Town\" \/>\n<meta property=\"article:publisher\" content=\"https:\/\/www.facebook.com\/globaltw\" \/>\n<meta property=\"article:modified_time\" content=\"2025-12-01T20:32:44+00:00\" \/>\n<meta property=\"og:image\" content=\"https:\/\/globaltownedu.com\/wp-content\/uploads\/2025\/11\/5-scaled.png\" \/>\n\t<meta property=\"og:image:width\" content=\"2560\" \/>\n\t<meta property=\"og:image:height\" content=\"2560\" \/>\n\t<meta property=\"og:image:type\" content=\"image\/png\" \/>\n<meta name=\"twitter:card\" content=\"summary_large_image\" \/>\n<meta name=\"twitter:label1\" content=\"Est. tempo de leitura\" \/>\n\t<meta name=\"twitter:data1\" content=\"3 minutos\" \/>\n<script type=\"application\/ld+json\" class=\"yoast-schema-graph\">{\"@context\":\"https:\/\/schema.org\",\"@graph\":[{\"@type\":\"WebPage\",\"@id\":\"https:\/\/globaltownedu.com\/aviso-de-privacidad\/\",\"url\":\"https:\/\/globaltownedu.com\/aviso-de-privacidad\/\",\"name\":\"AVISO DE PRIVACIDAD | Global Town\",\"isPartOf\":{\"@id\":\"https:\/\/globaltownedu.com\/#website\"},\"datePublished\":\"2025-12-01T15:53:55+00:00\",\"dateModified\":\"2025-12-01T20:32:44+00:00\",\"breadcrumb\":{\"@id\":\"https:\/\/globaltownedu.com\/aviso-de-privacidad\/#breadcrumb\"},\"inLanguage\":\"pt-BR\",\"potentialAction\":[{\"@type\":\"ReadAction\",\"target\":[\"https:\/\/globaltownedu.com\/aviso-de-privacidad\/\"]}]},{\"@type\":\"BreadcrumbList\",\"@id\":\"https:\/\/globaltownedu.com\/aviso-de-privacidad\/#breadcrumb\",\"itemListElement\":[{\"@type\":\"ListItem\",\"position\":1,\"name\":\"Home\",\"item\":\"https:\/\/globaltownedu.com\/\"},{\"@type\":\"ListItem\",\"position\":2,\"name\":\"AVISO DE PRIVACIDAD\"}]},{\"@type\":\"WebSite\",\"@id\":\"https:\/\/globaltownedu.com\/#website\",\"url\":\"https:\/\/globaltownedu.com\/\",\"name\":\"Global Town\",\"description\":\"Excelencia acad\u00e9mica y formaci\u00f3n global.\",\"publisher\":{\"@id\":\"https:\/\/globaltownedu.com\/#organization\"},\"alternateName\":\"Global Town Edu\",\"potentialAction\":[{\"@type\":\"SearchAction\",\"target\":{\"@type\":\"EntryPoint\",\"urlTemplate\":\"https:\/\/globaltownedu.com\/?s={search_term_string}\"},\"query-input\":{\"@type\":\"PropertyValueSpecification\",\"valueRequired\":true,\"valueName\":\"search_term_string\"}}],\"inLanguage\":\"pt-BR\"},{\"@type\":\"Organization\",\"@id\":\"https:\/\/globaltownedu.com\/#organization\",\"name\":\"Global Town\",\"alternateName\":\"GT Edu\",\"url\":\"https:\/\/globaltownedu.com\/\",\"logo\":{\"@type\":\"ImageObject\",\"inLanguage\":\"pt-BR\",\"@id\":\"https:\/\/globaltownedu.com\/#\/schema\/logo\/image\/\",\"url\":\"https:\/\/globaltownedu.com\/wp-content\/uploads\/2025\/10\/8c2a22a1-dfb9-4cad-b8d1-396b8ca3ba57.png\",\"contentUrl\":\"https:\/\/globaltownedu.com\/wp-content\/uploads\/2025\/10\/8c2a22a1-dfb9-4cad-b8d1-396b8ca3ba57.png\",\"width\":977,\"height\":270,\"caption\":\"Global Town\"},\"image\":{\"@id\":\"https:\/\/globaltownedu.com\/#\/schema\/logo\/image\/\"},\"sameAs\":[\"https:\/\/www.facebook.com\/globaltw\",\"https:\/\/www.instagram.com\/global.town.agency\/\",\"https:\/\/www.linkedin.com\/company\/global-town\/?viewAsMember=true\"]}]}<\/script>\n<!-- \/ Yoast SEO plugin. -->","yoast_head_json":{"title":"AVISO DE PRIVACIDAD | Global Town","robots":{"index":"index","follow":"follow","max-snippet":"max-snippet:-1","max-image-preview":"max-image-preview:large","max-video-preview":"max-video-preview:-1"},"canonical":"https:\/\/globaltownedu.com\/pt\/aviso-de-privacidad\/","og_locale":"pt_BR","og_type":"article","og_title":"AVISO DE PRIVACIDAD | Global Town","og_description":"Aviso de Privacidad Global Town Consultancy mejor conocido como Global Town, con domicilio en 4205 Union St. Burnaby, British Columbia V5C 2X3 y portal de internet https:\/\/globaltownedu.com\/, es el responsable del uso y protecci\u00f3n de sus datos personales, y al respecto le informamos lo siguiente: \u00bfPara qu\u00e9 fines utilizaremos sus datos personales? Los datos personales [&hellip;]","og_url":"https:\/\/globaltownedu.com\/pt\/aviso-de-privacidad\/","og_site_name":"Global Town","article_publisher":"https:\/\/www.facebook.com\/globaltw","article_modified_time":"2025-12-01T20:32:44+00:00","og_image":[{"width":2560,"height":2560,"url":"https:\/\/globaltownedu.com\/wp-content\/uploads\/2025\/11\/5-scaled.png","type":"image\/png"}],"twitter_card":"summary_large_image","twitter_misc":{"Est. tempo de leitura":"3 minutos"},"schema":{"@context":"https:\/\/schema.org","@graph":[{"@type":"WebPage","@id":"https:\/\/globaltownedu.com\/aviso-de-privacidad\/","url":"https:\/\/globaltownedu.com\/aviso-de-privacidad\/","name":"AVISO DE PRIVACIDAD | Global Town","isPartOf":{"@id":"https:\/\/globaltownedu.com\/#website"},"datePublished":"2025-12-01T15:53:55+00:00","dateModified":"2025-12-01T20:32:44+00:00","breadcrumb":{"@id":"https:\/\/globaltownedu.com\/aviso-de-privacidad\/#breadcrumb"},"inLanguage":"pt-BR","potentialAction":[{"@type":"ReadAction","target":["https:\/\/globaltownedu.com\/aviso-de-privacidad\/"]}]},{"@type":"BreadcrumbList","@id":"https:\/\/globaltownedu.com\/aviso-de-privacidad\/#breadcrumb","itemListElement":[{"@type":"ListItem","position":1,"name":"Home","item":"https:\/\/globaltownedu.com\/"},{"@type":"ListItem","position":2,"name":"AVISO DE PRIVACIDAD"}]},{"@type":"WebSite","@id":"https:\/\/globaltownedu.com\/#website","url":"https:\/\/globaltownedu.com\/","name":"Cidade Global","description":"Excel\u00eancia acad\u00eamica e forma\u00e7\u00e3o global.","publisher":{"@id":"https:\/\/globaltownedu.com\/#organization"},"alternateName":"Global Town Edu","potentialAction":[{"@type":"SearchAction","target":{"@type":"EntryPoint","urlTemplate":"https:\/\/globaltownedu.com\/?s={search_term_string}"},"query-input":{"@type":"PropertyValueSpecification","valueRequired":true,"valueName":"search_term_string"}}],"inLanguage":"pt-BR"},{"@type":"Organization","@id":"https:\/\/globaltownedu.com\/#organization","name":"Cidade Global","alternateName":"GT Edu","url":"https:\/\/globaltownedu.com\/","logo":{"@type":"ImageObject","inLanguage":"pt-BR","@id":"https:\/\/globaltownedu.com\/#\/schema\/logo\/image\/","url":"https:\/\/globaltownedu.com\/wp-content\/uploads\/2025\/10\/8c2a22a1-dfb9-4cad-b8d1-396b8ca3ba57.png","contentUrl":"https:\/\/globaltownedu.com\/wp-content\/uploads\/2025\/10\/8c2a22a1-dfb9-4cad-b8d1-396b8ca3ba57.png","width":977,"height":270,"caption":"Global Town"},"image":{"@id":"https:\/\/globaltownedu.com\/#\/schema\/logo\/image\/"},"sameAs":["https:\/\/www.facebook.com\/globaltw","https:\/\/www.instagram.com\/global.town.agency\/","https:\/\/www.linkedin.com\/company\/global-town\/?viewAsMember=true"]}]}},"_links":{"self":[{"href":"https:\/\/globaltownedu.com\/pt\/wp-json\/wp\/v2\/pages\/5377","targetHints":{"allow":["GET"]}}],"collection":[{"href":"https:\/\/globaltownedu.com\/pt\/wp-json\/wp\/v2\/pages"}],"about":[{"href":"https:\/\/globaltownedu.com\/pt\/wp-json\/wp\/v2\/types\/page"}],"author":[{"embeddable":true,"href":"https:\/\/globaltownedu.com\/pt\/wp-json\/wp\/v2\/users\/1"}],"replies":[{"embeddable":true,"href":"https:\/\/globaltownedu.com\/pt\/wp-json\/wp\/v2\/comments?post=5377"}],"version-history":[{"count":7,"href":"https:\/\/globaltownedu.com\/pt\/wp-json\/wp\/v2\/pages\/5377\/revisions"}],"predecessor-version":[{"id":5522,"href":"https:\/\/globaltownedu.com\/pt\/wp-json\/wp\/v2\/pages\/5377\/revisions\/5522"}],"wp:attachment":[{"href":"https:\/\/globaltownedu.com\/pt\/wp-json\/wp\/v2\/media?parent=5377"}],"curies":[{"name":"wp","href":"https:\/\/api.w.org\/{rel}","templated":true}]}}